{"id":776,"date":"2026-05-14T09:47:31","date_gmt":"2026-05-14T14:47:31","guid":{"rendered":"https:\/\/www.electronicacalderon7.com\/?page_id=776"},"modified":"2026-05-14T09:55:44","modified_gmt":"2026-05-14T14:55:44","slug":"h","status":"publish","type":"page","link":"https:\/\/www.electronicacalderon7.com\/?page_id=776","title":{"rendered":"h"},"content":{"rendered":"","protected":false},"excerpt":{"rendered":"","protected":false},"author":1,"featured_media":0,"parent":0,"menu_order":0,"comment_status":"closed","ping_status":"closed","template":"","meta":{"site-sidebar-layout":"no-sidebar","site-content-layout":"","ast-site-content-layout":"full-width-container","site-content-style":"default","site-sidebar-style":"default","ast-global-header-display":"","ast-banner-title-visibility":"","ast-main-header-display":"","ast-hfb-above-header-display":"","ast-hfb-below-header-display":"","ast-hfb-mobile-header-display":"","site-post-title":"","ast-breadcrumbs-content":"","ast-featured-img":"disabled","footer-sml-layout":"","ast-disable-related-posts":"","theme-transparent-header-meta":"","adv-header-id-meta":"","stick-header-meta":"","header-above-stick-meta":"","header-main-stick-meta":"","header-below-stick-meta":"","astra-migrate-meta-layouts":"default","ast-page-background-enabled":"default","ast-page-background-meta":{"desktop":{"background-color":"var(--ast-global-color-5)","background-image":"","background-repeat":"repeat","background-position":"center center","background-size":"auto","background-attachment":"scroll","background-type":"","background-media":"","overlay-type":"","overlay-color":"","overlay-opacity":"","overlay-gradient":""},"tablet":{"background-color":"","background-image":"","background-repeat":"repeat","background-position":"center center","background-size":"auto","background-attachment":"scroll","background-type":"","background-media":"","overlay-type":"","overlay-color":"","overlay-opacity":"","overlay-gradient":""},"mobile":{"background-color":"","background-image":"","background-repeat":"repeat","background-position":"center center","background-size":"auto","background-attachment":"scroll","background-type":"","background-media":"","overlay-type":"","overlay-color":"","overlay-opacity":"","overlay-gradient":""}},"ast-content-background-meta":{"desktop":{"background-color":"var(--ast-global-color-4)","background-image":"","background-repeat":"repeat","background-position":"center center","background-size":"auto","background-attachment":"scroll","background-type":"","background-media":"","overlay-type":"","overlay-color":"","overlay-opacity":"","overlay-gradient":""},"tablet":{"background-color":"var(--ast-global-color-4)","background-image":"","background-repeat":"repeat","background-position":"center center","background-size":"auto","background-attachment":"scroll","background-type":"","background-media":"","overlay-type":"","overlay-color":"","overlay-opacity":"","overlay-gradient":""},"mobile":{"background-color":"var(--ast-global-color-4)","background-image":"","background-repeat":"repeat","background-position":"center center","background-size":"auto","background-attachment":"scroll","background-type":"","background-media":"","overlay-type":"","overlay-color":"","overlay-opacity":"","overlay-gradient":""}},"footnotes":""},"class_list":["post-776","page","type-page","status-publish","hentry"],"yoast_head":"<!-- This site is optimized with the Yoast SEO plugin v27.1.1 - https:\/\/yoast.com\/product\/yoast-seo-wordpress\/ -->\n<title>h - Electr\u00f3nica Calderon 7<\/title>\n<meta name=\"robots\" content=\"index, follow, max-snippet:-1, max-image-preview:large, max-video-preview:-1\" \/>\n<link rel=\"canonical\" href=\"https:\/\/www.electronicacalderon7.com\/?page_id=776\" \/>\n<meta property=\"og:locale\" content=\"es_ES\" \/>\n<meta property=\"og:type\" content=\"article\" \/>\n<meta property=\"og:title\" content=\"h - Electr\u00f3nica Calderon 7\" \/>\n<meta property=\"og:url\" content=\"https:\/\/www.electronicacalderon7.com\/?page_id=776\" \/>\n<meta property=\"og:site_name\" content=\"Electr\u00f3nica Calderon 7\" \/>\n<meta property=\"article:publisher\" content=\"https:\/\/m.facebook.com\/profile.php?id=61586973436043&amp;name=xhp_nt__fb__action__open_user\" \/>\n<meta property=\"article:modified_time\" content=\"2026-05-14T14:55:44+00:00\" \/>\n<meta name=\"twitter:card\" content=\"summary_large_image\" \/>\n<script type=\"application\/ld+json\" class=\"yoast-schema-graph\">{\"@context\":\"https:\/\/schema.org\",\"@graph\":[{\"@type\":\"WebPage\",\"@id\":\"https:\/\/www.electronicacalderon7.com\/?page_id=776\",\"url\":\"https:\/\/www.electronicacalderon7.com\/?page_id=776\",\"name\":\"h - Electr\u00f3nica Calderon 7\",\"isPartOf\":{\"@id\":\"https:\/\/www.electronicacalderon7.com\/#website\"},\"datePublished\":\"2026-05-14T14:47:31+00:00\",\"dateModified\":\"2026-05-14T14:55:44+00:00\",\"breadcrumb\":{\"@id\":\"https:\/\/www.electronicacalderon7.com\/?page_id=776#breadcrumb\"},\"inLanguage\":\"es-CO\",\"potentialAction\":[{\"@type\":\"ReadAction\",\"target\":[\"https:\/\/www.electronicacalderon7.com\/?page_id=776\"]}]},{\"@type\":\"BreadcrumbList\",\"@id\":\"https:\/\/www.electronicacalderon7.com\/?page_id=776#breadcrumb\",\"itemListElement\":[{\"@type\":\"ListItem\",\"position\":1,\"name\":\"Inicio\",\"item\":\"https:\/\/www.electronicacalderon7.com\/\"},{\"@type\":\"ListItem\",\"position\":2,\"name\":\"h\"}]},{\"@type\":\"WebSite\",\"@id\":\"https:\/\/www.electronicacalderon7.com\/#website\",\"url\":\"https:\/\/www.electronicacalderon7.com\/\",\"name\":\"Electr\u00f3nica Calderon 7\",\"description\":\"Diagn\u00f3stico profesional, programaci\u00f3n avanzada y reparaci\u00f3n de cajas autom\u00e1ticas.\",\"potentialAction\":[{\"@type\":\"SearchAction\",\"target\":{\"@type\":\"EntryPoint\",\"urlTemplate\":\"https:\/\/www.electronicacalderon7.com\/?s={search_term_string}\"},\"query-input\":{\"@type\":\"PropertyValueSpecification\",\"valueRequired\":true,\"valueName\":\"search_term_string\"}}],\"inLanguage\":\"es-CO\"}]}<\/script>\n<!-- \/ Yoast SEO plugin. -->","yoast_head_json":{"title":"h - Electr\u00f3nica Calderon 7","robots":{"index":"index","follow":"follow","max-snippet":"max-snippet:-1","max-image-preview":"max-image-preview:large","max-video-preview":"max-video-preview:-1"},"canonical":"https:\/\/www.electronicacalderon7.com\/?page_id=776","og_locale":"es_ES","og_type":"article","og_title":"h - Electr\u00f3nica Calderon 7","og_url":"https:\/\/www.electronicacalderon7.com\/?page_id=776","og_site_name":"Electr\u00f3nica Calderon 7","article_publisher":"https:\/\/m.facebook.com\/profile.php?id=61586973436043&name=xhp_nt__fb__action__open_user","article_modified_time":"2026-05-14T14:55:44+00:00","twitter_card":"summary_large_image","schema":{"@context":"https:\/\/schema.org","@graph":[{"@type":"WebPage","@id":"https:\/\/www.electronicacalderon7.com\/?page_id=776","url":"https:\/\/www.electronicacalderon7.com\/?page_id=776","name":"h - Electr\u00f3nica Calderon 7","isPartOf":{"@id":"https:\/\/www.electronicacalderon7.com\/#website"},"datePublished":"2026-05-14T14:47:31+00:00","dateModified":"2026-05-14T14:55:44+00:00","breadcrumb":{"@id":"https:\/\/www.electronicacalderon7.com\/?page_id=776#breadcrumb"},"inLanguage":"es-CO","potentialAction":[{"@type":"ReadAction","target":["https:\/\/www.electronicacalderon7.com\/?page_id=776"]}]},{"@type":"BreadcrumbList","@id":"https:\/\/www.electronicacalderon7.com\/?page_id=776#breadcrumb","itemListElement":[{"@type":"ListItem","position":1,"name":"Inicio","item":"https:\/\/www.electronicacalderon7.com\/"},{"@type":"ListItem","position":2,"name":"h"}]},{"@type":"WebSite","@id":"https:\/\/www.electronicacalderon7.com\/#website","url":"https:\/\/www.electronicacalderon7.com\/","name":"Electr\u00f3nica Calderon 7","description":"Diagn\u00f3stico profesional, programaci\u00f3n avanzada y reparaci\u00f3n de cajas autom\u00e1ticas.","potentialAction":[{"@type":"SearchAction","target":{"@type":"EntryPoint","urlTemplate":"https:\/\/www.electronicacalderon7.com\/?s={search_term_string}"},"query-input":{"@type":"PropertyValueSpecification","valueRequired":true,"valueName":"search_term_string"}}],"inLanguage":"es-CO"}]}},"_links":{"self":[{"href":"https:\/\/www.electronicacalderon7.com\/index.php?rest_route=\/wp\/v2\/pages\/776","targetHints":{"allow":["GET"]}}],"collection":[{"href":"https:\/\/www.electronicacalderon7.com\/index.php?rest_route=\/wp\/v2\/pages"}],"about":[{"href":"https:\/\/www.electronicacalderon7.com\/index.php?rest_route=\/wp\/v2\/types\/page"}],"author":[{"embeddable":true,"href":"https:\/\/www.electronicacalderon7.com\/index.php?rest_route=\/wp\/v2\/users\/1"}],"replies":[{"embeddable":true,"href":"https:\/\/www.electronicacalderon7.com\/index.php?rest_route=%2Fwp%2Fv2%2Fcomments&post=776"}],"version-history":[{"count":4,"href":"https:\/\/www.electronicacalderon7.com\/index.php?rest_route=\/wp\/v2\/pages\/776\/revisions"}],"predecessor-version":[{"id":780,"href":"https:\/\/www.electronicacalderon7.com\/index.php?rest_route=\/wp\/v2\/pages\/776\/revisions\/780"}],"wp:attachment":[{"href":"https:\/\/www.electronicacalderon7.com\/index.php?rest_route=%2Fwp%2Fv2%2Fmedia&parent=776"}],"curies":[{"name":"wp","href":"https:\/\/api.w.org\/{rel}","templated":true}]}}